{"id":1130,"date":"2025-01-17T11:17:51","date_gmt":"2025-01-17T11:17:51","guid":{"rendered":"https:\/\/www.angardenart.pl\/testsklepu\/?page_id=1130"},"modified":"2025-01-17T11:17:53","modified_gmt":"2025-01-17T11:17:53","slug":"zwroty","status":"publish","type":"page","link":"https:\/\/www.angardenart.pl\/testsklepu\/zwroty\/","title":{"rendered":"Polityka zwrot\u00f3w"},"content":{"rendered":"\n<p><\/p>\n\n\n\n<h2 class=\"wp-block-heading\">Rezygnacja z prawa do odst\u0105pienia od umowy<\/h2>\n\n\n\n<ol class=\"wp-block-list\">\n<li>Potwierdzaj\u0105c zakup Produktu Klient tym samym wyra\u017ca zgod\u0119 na dostarczanie tre\u015bci cyfrowych niedostarczanych na no\u015bniku materialnym.<\/li>\n\n\n\n<li>W momencie otrzymania przez Klienta Produktu, na wskazany w Formularzu Zam\u00f3wienia adres e-mail, Klient traci prawo do odst\u0105pienia od zawartej ze Sprzedawc\u0105 Umowy Sprzeda\u017cy.<\/li>\n<\/ol>\n\n\n\n<h2 class=\"wp-block-heading\">Reklamacja\u00a0<\/h2>\n\n\n\n<ol class=\"wp-block-list\">\n<li>W przypadku wyst\u0105pienia wady zakupionego u Sprzedawcy Produktu Klient ma prawo do reklamacji w oparciu o przepisy dotycz\u0105ce r\u0119kojmi w kodeksie cywilnym. Je\u017celi Klientem jest Przedsi\u0119biorca, strony wy\u0142\u0105czaj\u0105 odpowiedzialno\u015b\u0107 z tytu\u0142u r\u0119kojmi.<\/li>\n\n\n\n<li>Reklamacj\u0119 nale\u017cy zg\u0142osi\u0107 pisemnie lub drog\u0105 elektroniczn\u0105 na podane w <a href=\"https:\/\/www.angardenart.pl\/testsklepu\/regulamin\/\">Regulaminie<\/a> adresy Sprzedawcy.<\/li>\n\n\n\n<li>Zaleca si\u0119, aby w reklamacji zawrze\u0107 m.in. zwi\u0119z\u0142y opis wady, okoliczno\u015bci (w tym dat\u0119) jej wyst\u0105pienia, dane Klienta sk\u0142adaj\u0105cego reklamacj\u0119, oraz \u017c\u0105danie Klienta w zwi\u0105zku z wad\u0105 towaru.\u00a0<\/li>\n\n\n\n<li>Sprzedawca ustosunkuje si\u0119 do \u017c\u0105dania reklamacyjnego niezw\u0142ocznie, a je\u017celi Klientem jest Konsument &#8211; nie p\u00f3\u017aniej ni\u017c w terminie 14 dni. Je\u017celi Klientem jest Konsument, a Sprzedawca nie ustosunkuje si\u0119 do \u017c\u0105dania reklamacyjnego\u00a0 terminie 14 dni, uwa\u017ca si\u0119, \u017ce \u017c\u0105danie Klienta uzna\u0142 za uzasadnione\u00a0<\/li>\n\n\n\n<li>Produkty odsy\u0142ane w ramach procedury reklamacyjnej nale\u017cy wysy\u0142a\u0107 na adres podany<br>w \u00a7 3 <a href=\"https:\/\/www.angardenart.pl\/testsklepu\/regulamin\/\">Regulaminu<\/a>.<\/li>\n<\/ol>\n\n\n\n<p><\/p>\n","protected":false},"excerpt":{"rendered":"<p>Rezygnacja z prawa do odst\u0105pienia od umowy Reklamacja\u00a0<\/p>\n","protected":false},"author":1,"featured_media":0,"parent":0,"menu_order":0,"comment_status":"closed","ping_status":"closed","template":"","meta":{"zakra_page_container_layout":"customizer","zakra_page_sidebar_layout":"customizer","zakra_remove_content_margin":false,"zakra_sidebar":"customizer","zakra_transparent_header":"customizer","zakra_logo":0,"zakra_main_header_style":"default","zakra_menu_item_color":"","zakra_menu_item_hover_color":"","zakra_menu_item_active_color":"","zakra_menu_active_style":"","zakra_page_header":true,"footnotes":""},"class_list":["post-1130","page","type-page","status-publish","hentry"],"yoast_head":"<!-- This site is optimized with the Yoast SEO plugin v26.8 - https:\/\/yoast.com\/product\/yoast-seo-wordpress\/ -->\n<title>Polityka zwrot\u00f3w - Ogrody Anety<\/title>\n<meta name=\"robots\" content=\"index, follow, max-snippet:-1, max-image-preview:large, max-video-preview:-1\" \/>\n<link rel=\"canonical\" href=\"https:\/\/www.angardenart.pl\/testsklepu\/zwroty\/\" \/>\n<meta property=\"og:locale\" content=\"pl_PL\" \/>\n<meta property=\"og:type\" content=\"article\" \/>\n<meta property=\"og:title\" content=\"Polityka zwrot\u00f3w - Ogrody Anety\" \/>\n<meta property=\"og:description\" content=\"Rezygnacja z prawa do odst\u0105pienia od umowy Reklamacja\u00a0\" \/>\n<meta property=\"og:url\" content=\"https:\/\/www.angardenart.pl\/testsklepu\/zwroty\/\" \/>\n<meta property=\"og:site_name\" content=\"Ogrody Anety\" \/>\n<meta property=\"article:modified_time\" content=\"2025-01-17T11:17:53+00:00\" \/>\n<meta name=\"twitter:card\" content=\"summary_large_image\" \/>\n<meta name=\"twitter:label1\" content=\"Szacowany czas czytania\" \/>\n\t<meta name=\"twitter:data1\" content=\"2 minuty\" \/>\n<script type=\"application\/ld+json\" class=\"yoast-schema-graph\">{\"@context\":\"https:\/\/schema.org\",\"@graph\":[{\"@type\":\"WebPage\",\"@id\":\"https:\/\/www.angardenart.pl\/testsklepu\/zwroty\/\",\"url\":\"https:\/\/www.angardenart.pl\/testsklepu\/zwroty\/\",\"name\":\"Polityka zwrot\u00f3w - Ogrody Anety\",\"isPartOf\":{\"@id\":\"https:\/\/www.angardenart.pl\/testsklepu\/#website\"},\"datePublished\":\"2025-01-17T11:17:51+00:00\",\"dateModified\":\"2025-01-17T11:17:53+00:00\",\"breadcrumb\":{\"@id\":\"https:\/\/www.angardenart.pl\/testsklepu\/zwroty\/#breadcrumb\"},\"inLanguage\":\"pl-PL\",\"potentialAction\":[{\"@type\":\"ReadAction\",\"target\":[\"https:\/\/www.angardenart.pl\/testsklepu\/zwroty\/\"]}]},{\"@type\":\"BreadcrumbList\",\"@id\":\"https:\/\/www.angardenart.pl\/testsklepu\/zwroty\/#breadcrumb\",\"itemListElement\":[{\"@type\":\"ListItem\",\"position\":1,\"name\":\"Strona g\u0142\u00f3wna\",\"item\":\"https:\/\/www.angardenart.pl\/testsklepu\/\"},{\"@type\":\"ListItem\",\"position\":2,\"name\":\"Polityka zwrot\u00f3w\"}]},{\"@type\":\"WebSite\",\"@id\":\"https:\/\/www.angardenart.pl\/testsklepu\/#website\",\"url\":\"https:\/\/www.angardenart.pl\/testsklepu\/\",\"name\":\"Ogrody Anety\",\"description\":\"aneta@ogrodyanety.pl\",\"publisher\":{\"@id\":\"https:\/\/www.angardenart.pl\/testsklepu\/#organization\"},\"potentialAction\":[{\"@type\":\"SearchAction\",\"target\":{\"@type\":\"EntryPoint\",\"urlTemplate\":\"https:\/\/www.angardenart.pl\/testsklepu\/?s={search_term_string}\"},\"query-input\":{\"@type\":\"PropertyValueSpecification\",\"valueRequired\":true,\"valueName\":\"search_term_string\"}}],\"inLanguage\":\"pl-PL\"},{\"@type\":\"Organization\",\"@id\":\"https:\/\/www.angardenart.pl\/testsklepu\/#organization\",\"name\":\"Ogrody Anety\",\"url\":\"https:\/\/www.angardenart.pl\/testsklepu\/\",\"logo\":{\"@type\":\"ImageObject\",\"inLanguage\":\"pl-PL\",\"@id\":\"https:\/\/www.angardenart.pl\/testsklepu\/#\/schema\/logo\/image\/\",\"url\":\"https:\/\/www.angardenart.pl\/testsklepu\/wp-content\/uploads\/2024\/09\/to-teraz-3-2.png\",\"contentUrl\":\"https:\/\/www.angardenart.pl\/testsklepu\/wp-content\/uploads\/2024\/09\/to-teraz-3-2.png\",\"width\":340,\"height\":120,\"caption\":\"Ogrody Anety\"},\"image\":{\"@id\":\"https:\/\/www.angardenart.pl\/testsklepu\/#\/schema\/logo\/image\/\"}}]}<\/script>\n<!-- \/ Yoast SEO plugin. -->","yoast_head_json":{"title":"Polityka zwrot\u00f3w - Ogrody Anety","robots":{"index":"index","follow":"follow","max-snippet":"max-snippet:-1","max-image-preview":"max-image-preview:large","max-video-preview":"max-video-preview:-1"},"canonical":"https:\/\/www.angardenart.pl\/testsklepu\/zwroty\/","og_locale":"pl_PL","og_type":"article","og_title":"Polityka zwrot\u00f3w - Ogrody Anety","og_description":"Rezygnacja z prawa do odst\u0105pienia od umowy Reklamacja\u00a0","og_url":"https:\/\/www.angardenart.pl\/testsklepu\/zwroty\/","og_site_name":"Ogrody Anety","article_modified_time":"2025-01-17T11:17:53+00:00","twitter_card":"summary_large_image","twitter_misc":{"Szacowany czas czytania":"2 minuty"},"schema":{"@context":"https:\/\/schema.org","@graph":[{"@type":"WebPage","@id":"https:\/\/www.angardenart.pl\/testsklepu\/zwroty\/","url":"https:\/\/www.angardenart.pl\/testsklepu\/zwroty\/","name":"Polityka zwrot\u00f3w - Ogrody Anety","isPartOf":{"@id":"https:\/\/www.angardenart.pl\/testsklepu\/#website"},"datePublished":"2025-01-17T11:17:51+00:00","dateModified":"2025-01-17T11:17:53+00:00","breadcrumb":{"@id":"https:\/\/www.angardenart.pl\/testsklepu\/zwroty\/#breadcrumb"},"inLanguage":"pl-PL","potentialAction":[{"@type":"ReadAction","target":["https:\/\/www.angardenart.pl\/testsklepu\/zwroty\/"]}]},{"@type":"BreadcrumbList","@id":"https:\/\/www.angardenart.pl\/testsklepu\/zwroty\/#breadcrumb","itemListElement":[{"@type":"ListItem","position":1,"name":"Strona g\u0142\u00f3wna","item":"https:\/\/www.angardenart.pl\/testsklepu\/"},{"@type":"ListItem","position":2,"name":"Polityka zwrot\u00f3w"}]},{"@type":"WebSite","@id":"https:\/\/www.angardenart.pl\/testsklepu\/#website","url":"https:\/\/www.angardenart.pl\/testsklepu\/","name":"Ogrody Anety","description":"aneta@ogrodyanety.pl","publisher":{"@id":"https:\/\/www.angardenart.pl\/testsklepu\/#organization"},"potentialAction":[{"@type":"SearchAction","target":{"@type":"EntryPoint","urlTemplate":"https:\/\/www.angardenart.pl\/testsklepu\/?s={search_term_string}"},"query-input":{"@type":"PropertyValueSpecification","valueRequired":true,"valueName":"search_term_string"}}],"inLanguage":"pl-PL"},{"@type":"Organization","@id":"https:\/\/www.angardenart.pl\/testsklepu\/#organization","name":"Ogrody Anety","url":"https:\/\/www.angardenart.pl\/testsklepu\/","logo":{"@type":"ImageObject","inLanguage":"pl-PL","@id":"https:\/\/www.angardenart.pl\/testsklepu\/#\/schema\/logo\/image\/","url":"https:\/\/www.angardenart.pl\/testsklepu\/wp-content\/uploads\/2024\/09\/to-teraz-3-2.png","contentUrl":"https:\/\/www.angardenart.pl\/testsklepu\/wp-content\/uploads\/2024\/09\/to-teraz-3-2.png","width":340,"height":120,"caption":"Ogrody Anety"},"image":{"@id":"https:\/\/www.angardenart.pl\/testsklepu\/#\/schema\/logo\/image\/"}}]}},"_links":{"self":[{"href":"https:\/\/www.angardenart.pl\/testsklepu\/wp-json\/wp\/v2\/pages\/1130","targetHints":{"allow":["GET"]}}],"collection":[{"href":"https:\/\/www.angardenart.pl\/testsklepu\/wp-json\/wp\/v2\/pages"}],"about":[{"href":"https:\/\/www.angardenart.pl\/testsklepu\/wp-json\/wp\/v2\/types\/page"}],"author":[{"embeddable":true,"href":"https:\/\/www.angardenart.pl\/testsklepu\/wp-json\/wp\/v2\/users\/1"}],"replies":[{"embeddable":true,"href":"https:\/\/www.angardenart.pl\/testsklepu\/wp-json\/wp\/v2\/comments?post=1130"}],"version-history":[{"count":1,"href":"https:\/\/www.angardenart.pl\/testsklepu\/wp-json\/wp\/v2\/pages\/1130\/revisions"}],"predecessor-version":[{"id":1207,"href":"https:\/\/www.angardenart.pl\/testsklepu\/wp-json\/wp\/v2\/pages\/1130\/revisions\/1207"}],"wp:attachment":[{"href":"https:\/\/www.angardenart.pl\/testsklepu\/wp-json\/wp\/v2\/media?parent=1130"}],"curies":[{"name":"wp","href":"https:\/\/api.w.org\/{rel}","templated":true}]}}