{"id":1255,"date":"2025-01-21T13:02:35","date_gmt":"2025-01-21T13:02:35","guid":{"rendered":"https:\/\/www.angardenart.pl\/testsklepu\/?post_type=product&#038;p=1255"},"modified":"2025-01-30T06:43:56","modified_gmt":"2025-01-30T06:43:56","slug":"projekt-rabaty-pod-brzoza","status":"publish","type":"product","link":"https:\/\/www.angardenart.pl\/testsklepu\/produkt\/projekt-rabaty-pod-brzoza\/","title":{"rendered":"Projekt rabaty \u201ePod Brzoz\u0105\u2019"},"content":{"rendered":"<p>Co znajdziesz w e-booku?<\/p>\n<p>&#8211; opis warunk\u00f3w \u015bwietlnych i glebowych<\/p>\n<p>&#8211; projekt techniczny szaty ro\u015blinnej w skali 1:50, dzi\u0119ki kt\u00f3rej samodzielnie wykonasz nasadzenia<span class=\"Apple-converted-space\">\u00a0<\/span><\/p>\n<p>&#8211; spos\u00f3b sadzenia, czyli instrukcj\u0119 jak sprawnie i prawid\u0142owo wykona\u0107 nasadzenia<\/p>\n<p>&#8211; piel\u0119gnacja, czyli spos\u00f3b dbania o ro\u015bliny na przestrzeni miesi\u0119cy zawieraj\u0105ca m.in. terminy ci\u0119cia<\/p>\n<p>&#8211; spis ro\u015blin u\u017cytych w projekcie, z kt\u00f3rych wykonasz rabat\u0119<\/p>\n<p>&#8211; pory i kolory zakwitania ro\u015blin<\/p>\n<p>&#8211; 4 wizualizacje pokazuj\u0105ce zmienno\u015b\u0107 rabaty na przestrzeni p\u00f3r roku<\/p>\n","protected":false},"excerpt":{"rendered":"<p><b>Projekt rabaty \u201ePod Brzoz\u0105\u2019<span class=\"Apple-converted-space\">\u00a0<\/span><\/b><\/p>\n<p><b>Rabata bylinowa<\/b><\/p>\n<p><b>Stanowisko: <\/b>s\u0142oneczne ( wystawa po\u0142udniowa, po\u0142udniowo-wschodnia, po\u0142udniowo- zachodnia )<\/p>\n<p><b>Gleba: <\/b>sucha, piaszczysta wzbogacona o kompost lub mocno rozlu\u017aniona piachem, kompostem glina, ma\u0142o \u017cyzna<span class=\"Apple-converted-space\">\u00a0<\/span><\/p>\n<p><b>Zapotrzebowanie na wod\u0119: <\/b>ma\u0142e, rabata wytrzyma\u0142a na okresow\u0105 susz\u0119<\/p>\n<p>Tworz\u0105c projekt rabaty mia\u0142am na celu stworzenie atrakcyjnych nasadze\u0144 przez ca\u0142y rok. Rabata zmienia si\u0119 wraz z porami roku, co zobaczycie r\u00f3wnie\u017c na za\u0142\u0105czonych do projektu wizualizacjach (wiosna, lato, jesie\u0144, zima).<span class=\"Apple-converted-space\">\u00a0<\/span><\/p>\n<p>Z projektem wykonasz bez problem\u00f3w tak\u0105 rabat\u0119. Rzut z szat\u0105 ro\u015blinn\u0105 naniesiony jest na siatk\u0119 kwadrat\u00f3w, gdzie \u0142atwo odnajdziesz po\u0142o\u017cenie ka\u017cdej sztuki ro\u015blin. Dodatkowo w tabeli znajdziesz rozstaw\u0119 ro\u015blin, by\u0107 \u0142atwo m\u00f3g\u0142 okre\u015bli\u0107 odleg\u0142o\u015bci sadzenia bylin w grupach.<span class=\"Apple-converted-space\">\u00a0<\/span><\/p>\n<p>Gatunki wykorzystane w projekcie s\u0105 \u0142atwe w uprawie, nie wymagaj\u0105 wielu zabieg\u00f3w <b>piel\u0119gnacyjnych. Mo\u017cesz wykona\u0107 czyszczenie rabaty wiosn\u0105 a p\u00f3\u017aniej j\u0105 tylko podziwia\u0107.<span class=\"Apple-converted-space\">\u00a0<\/span><\/b><\/p>\n<p>Projekt przygotowany jest w formie ebooka , kt\u00f3ry mo\u017cesz pobra\u0107 i wydrukowa\u0107 (w ustawieniach drukarki koniecznie zaznacz \u201efaktyczny rozmiar\u201d).<\/p>\n<p>Wymiary wyj\u015bciowe rabaty:\u00a0 9,6 x 3,7 m<\/p>\n","protected":false},"featured_media":1256,"template":"","meta":{"zakra_page_container_layout":"customizer","zakra_page_sidebar_layout":"customizer","zakra_remove_content_margin":false,"zakra_sidebar":"customizer","zakra_transparent_header":"customizer","zakra_logo":0,"zakra_main_header_style":"default","zakra_menu_item_color":"","zakra_menu_item_hover_color":"","zakra_menu_item_active_color":"","zakra_menu_active_style":"","zakra_page_header":true},"product_brand":[],"product_cat":[27],"product_tag":[],"class_list":{"0":"post-1255","1":"product","2":"type-product","3":"status-publish","4":"has-post-thumbnail","6":"product_cat-bez-kategorii","8":"first","9":"instock","10":"downloadable","11":"virtual","12":"purchasable","13":"product-type-simple"},"yoast_head":"<!-- This site is optimized with the Yoast SEO plugin v26.8 - https:\/\/yoast.com\/product\/yoast-seo-wordpress\/ -->\n<title>Projekt rabaty \u201ePod Brzoz\u0105\u2019 - Ogrody Anety<\/title>\n<meta name=\"robots\" content=\"index, follow, max-snippet:-1, max-image-preview:large, max-video-preview:-1\" \/>\n<link rel=\"canonical\" href=\"https:\/\/www.angardenart.pl\/testsklepu\/produkt\/projekt-rabaty-pod-brzoza\/\" \/>\n<meta property=\"og:locale\" content=\"pl_PL\" \/>\n<meta property=\"og:type\" content=\"article\" \/>\n<meta property=\"og:title\" content=\"Projekt rabaty \u201ePod Brzoz\u0105\u2019 - Ogrody Anety\" \/>\n<meta property=\"og:description\" content=\"Projekt rabaty \u201ePod Brzoz\u0105\u2019\u00a0  Rabata bylinowa  Stanowisko: s\u0142oneczne ( wystawa po\u0142udniowa, po\u0142udniowo-wschodnia, po\u0142udniowo- zachodnia )  Gleba: sucha, piaszczysta wzbogacona o kompost lub mocno rozlu\u017aniona piachem, kompostem glina, ma\u0142o \u017cyzna\u00a0  Zapotrzebowanie na wod\u0119: ma\u0142e, rabata wytrzyma\u0142a na okresow\u0105 susz\u0119  Tworz\u0105c projekt rabaty mia\u0142am na celu stworzenie atrakcyjnych nasadze\u0144 przez ca\u0142y rok. Rabata zmienia si\u0119 wraz z porami roku, co zobaczycie r\u00f3wnie\u017c na za\u0142\u0105czonych do projektu wizualizacjach (wiosna, lato, jesie\u0144, zima).\u00a0  Z projektem wykonasz bez problem\u00f3w tak\u0105 rabat\u0119. Rzut z szat\u0105 ro\u015blinn\u0105 naniesiony jest na siatk\u0119 kwadrat\u00f3w, gdzie \u0142atwo odnajdziesz po\u0142o\u017cenie ka\u017cdej sztuki ro\u015blin. Dodatkowo w tabeli znajdziesz rozstaw\u0119 ro\u015blin, by\u0107 \u0142atwo m\u00f3g\u0142 okre\u015bli\u0107 odleg\u0142o\u015bci sadzenia bylin w grupach.\u00a0  Gatunki wykorzystane w projekcie s\u0105 \u0142atwe w uprawie, nie wymagaj\u0105 wielu zabieg\u00f3w piel\u0119gnacyjnych. Mo\u017cesz wykona\u0107 czyszczenie rabaty wiosn\u0105 a p\u00f3\u017aniej j\u0105 tylko podziwia\u0107.\u00a0  Projekt przygotowany jest w formie ebooka , kt\u00f3ry mo\u017cesz pobra\u0107 i wydrukowa\u0107 (w ustawieniach drukarki koniecznie zaznacz \u201efaktyczny rozmiar\u201d).  Wymiary wyj\u015bciowe rabaty:\u00a0 9,6 x 3,7 m\" \/>\n<meta property=\"og:url\" content=\"https:\/\/www.angardenart.pl\/testsklepu\/produkt\/projekt-rabaty-pod-brzoza\/\" \/>\n<meta property=\"og:site_name\" content=\"Ogrody Anety\" \/>\n<meta property=\"article:modified_time\" content=\"2025-01-30T06:43:56+00:00\" \/>\n<meta property=\"og:image\" content=\"https:\/\/www.angardenart.pl\/testsklepu\/wp-content\/uploads\/2025\/01\/Rabata-_Pod-Brzoza_-wizualizacja.png\" \/>\n\t<meta property=\"og:image:width\" content=\"1200\" \/>\n\t<meta property=\"og:image:height\" content=\"797\" \/>\n\t<meta property=\"og:image:type\" content=\"image\/png\" \/>\n<meta name=\"twitter:card\" content=\"summary_large_image\" \/>\n<meta name=\"twitter:label1\" content=\"Szacowany czas czytania\" \/>\n\t<meta name=\"twitter:data1\" content=\"1 minuta\" \/>\n<script type=\"application\/ld+json\" class=\"yoast-schema-graph\">{\"@context\":\"https:\/\/schema.org\",\"@graph\":[{\"@type\":\"WebPage\",\"@id\":\"https:\/\/www.angardenart.pl\/testsklepu\/produkt\/projekt-rabaty-pod-brzoza\/\",\"url\":\"https:\/\/www.angardenart.pl\/testsklepu\/produkt\/projekt-rabaty-pod-brzoza\/\",\"name\":\"Projekt rabaty \u201ePod Brzoz\u0105\u2019 - Ogrody Anety\",\"isPartOf\":{\"@id\":\"https:\/\/www.angardenart.pl\/testsklepu\/#website\"},\"primaryImageOfPage\":{\"@id\":\"https:\/\/www.angardenart.pl\/testsklepu\/produkt\/projekt-rabaty-pod-brzoza\/#primaryimage\"},\"image\":{\"@id\":\"https:\/\/www.angardenart.pl\/testsklepu\/produkt\/projekt-rabaty-pod-brzoza\/#primaryimage\"},\"thumbnailUrl\":\"https:\/\/www.angardenart.pl\/testsklepu\/wp-content\/uploads\/2025\/01\/Rabata-_Pod-Brzoza_-wizualizacja.png\",\"datePublished\":\"2025-01-21T13:02:35+00:00\",\"dateModified\":\"2025-01-30T06:43:56+00:00\",\"breadcrumb\":{\"@id\":\"https:\/\/www.angardenart.pl\/testsklepu\/produkt\/projekt-rabaty-pod-brzoza\/#breadcrumb\"},\"inLanguage\":\"pl-PL\",\"potentialAction\":[{\"@type\":\"ReadAction\",\"target\":[\"https:\/\/www.angardenart.pl\/testsklepu\/produkt\/projekt-rabaty-pod-brzoza\/\"]}]},{\"@type\":\"ImageObject\",\"inLanguage\":\"pl-PL\",\"@id\":\"https:\/\/www.angardenart.pl\/testsklepu\/produkt\/projekt-rabaty-pod-brzoza\/#primaryimage\",\"url\":\"https:\/\/www.angardenart.pl\/testsklepu\/wp-content\/uploads\/2025\/01\/Rabata-_Pod-Brzoza_-wizualizacja.png\",\"contentUrl\":\"https:\/\/www.angardenart.pl\/testsklepu\/wp-content\/uploads\/2025\/01\/Rabata-_Pod-Brzoza_-wizualizacja.png\",\"width\":1200,\"height\":797,\"caption\":\"Rabata Pod Brzoz\u0105\"},{\"@type\":\"BreadcrumbList\",\"@id\":\"https:\/\/www.angardenart.pl\/testsklepu\/produkt\/projekt-rabaty-pod-brzoza\/#breadcrumb\",\"itemListElement\":[{\"@type\":\"ListItem\",\"position\":1,\"name\":\"Strona g\u0142\u00f3wna\",\"item\":\"https:\/\/www.angardenart.pl\/testsklepu\/\"},{\"@type\":\"ListItem\",\"position\":2,\"name\":\"Sklep\",\"item\":\"https:\/\/www.angardenart.pl\/testsklepu\/sklep\/\"},{\"@type\":\"ListItem\",\"position\":3,\"name\":\"Projekt rabaty \u201ePod Brzoz\u0105\u2019\"}]},{\"@type\":\"WebSite\",\"@id\":\"https:\/\/www.angardenart.pl\/testsklepu\/#website\",\"url\":\"https:\/\/www.angardenart.pl\/testsklepu\/\",\"name\":\"Ogrody Anety\",\"description\":\"aneta@ogrodyanety.pl\",\"publisher\":{\"@id\":\"https:\/\/www.angardenart.pl\/testsklepu\/#organization\"},\"potentialAction\":[{\"@type\":\"SearchAction\",\"target\":{\"@type\":\"EntryPoint\",\"urlTemplate\":\"https:\/\/www.angardenart.pl\/testsklepu\/?s={search_term_string}\"},\"query-input\":{\"@type\":\"PropertyValueSpecification\",\"valueRequired\":true,\"valueName\":\"search_term_string\"}}],\"inLanguage\":\"pl-PL\"},{\"@type\":\"Organization\",\"@id\":\"https:\/\/www.angardenart.pl\/testsklepu\/#organization\",\"name\":\"Ogrody Anety\",\"url\":\"https:\/\/www.angardenart.pl\/testsklepu\/\",\"logo\":{\"@type\":\"ImageObject\",\"inLanguage\":\"pl-PL\",\"@id\":\"https:\/\/www.angardenart.pl\/testsklepu\/#\/schema\/logo\/image\/\",\"url\":\"https:\/\/www.angardenart.pl\/testsklepu\/wp-content\/uploads\/2024\/09\/to-teraz-3-2.png\",\"contentUrl\":\"https:\/\/www.angardenart.pl\/testsklepu\/wp-content\/uploads\/2024\/09\/to-teraz-3-2.png\",\"width\":340,\"height\":120,\"caption\":\"Ogrody Anety\"},\"image\":{\"@id\":\"https:\/\/www.angardenart.pl\/testsklepu\/#\/schema\/logo\/image\/\"}}]}<\/script>\n<!-- \/ Yoast SEO plugin. -->","yoast_head_json":{"title":"Projekt rabaty \u201ePod Brzoz\u0105\u2019 - Ogrody Anety","robots":{"index":"index","follow":"follow","max-snippet":"max-snippet:-1","max-image-preview":"max-image-preview:large","max-video-preview":"max-video-preview:-1"},"canonical":"https:\/\/www.angardenart.pl\/testsklepu\/produkt\/projekt-rabaty-pod-brzoza\/","og_locale":"pl_PL","og_type":"article","og_title":"Projekt rabaty \u201ePod Brzoz\u0105\u2019 - Ogrody Anety","og_description":"Projekt rabaty \u201ePod Brzoz\u0105\u2019\u00a0  Rabata bylinowa  Stanowisko: s\u0142oneczne ( wystawa po\u0142udniowa, po\u0142udniowo-wschodnia, po\u0142udniowo- zachodnia )  Gleba: sucha, piaszczysta wzbogacona o kompost lub mocno rozlu\u017aniona piachem, kompostem glina, ma\u0142o \u017cyzna\u00a0  Zapotrzebowanie na wod\u0119: ma\u0142e, rabata wytrzyma\u0142a na okresow\u0105 susz\u0119  Tworz\u0105c projekt rabaty mia\u0142am na celu stworzenie atrakcyjnych nasadze\u0144 przez ca\u0142y rok. Rabata zmienia si\u0119 wraz z porami roku, co zobaczycie r\u00f3wnie\u017c na za\u0142\u0105czonych do projektu wizualizacjach (wiosna, lato, jesie\u0144, zima).\u00a0  Z projektem wykonasz bez problem\u00f3w tak\u0105 rabat\u0119. Rzut z szat\u0105 ro\u015blinn\u0105 naniesiony jest na siatk\u0119 kwadrat\u00f3w, gdzie \u0142atwo odnajdziesz po\u0142o\u017cenie ka\u017cdej sztuki ro\u015blin. Dodatkowo w tabeli znajdziesz rozstaw\u0119 ro\u015blin, by\u0107 \u0142atwo m\u00f3g\u0142 okre\u015bli\u0107 odleg\u0142o\u015bci sadzenia bylin w grupach.\u00a0  Gatunki wykorzystane w projekcie s\u0105 \u0142atwe w uprawie, nie wymagaj\u0105 wielu zabieg\u00f3w piel\u0119gnacyjnych. Mo\u017cesz wykona\u0107 czyszczenie rabaty wiosn\u0105 a p\u00f3\u017aniej j\u0105 tylko podziwia\u0107.\u00a0  Projekt przygotowany jest w formie ebooka , kt\u00f3ry mo\u017cesz pobra\u0107 i wydrukowa\u0107 (w ustawieniach drukarki koniecznie zaznacz \u201efaktyczny rozmiar\u201d).  Wymiary wyj\u015bciowe rabaty:\u00a0 9,6 x 3,7 m","og_url":"https:\/\/www.angardenart.pl\/testsklepu\/produkt\/projekt-rabaty-pod-brzoza\/","og_site_name":"Ogrody Anety","article_modified_time":"2025-01-30T06:43:56+00:00","og_image":[{"width":1200,"height":797,"url":"https:\/\/www.angardenart.pl\/testsklepu\/wp-content\/uploads\/2025\/01\/Rabata-_Pod-Brzoza_-wizualizacja.png","type":"image\/png"}],"twitter_card":"summary_large_image","twitter_misc":{"Szacowany czas czytania":"1 minuta"},"schema":{"@context":"https:\/\/schema.org","@graph":[{"@type":"WebPage","@id":"https:\/\/www.angardenart.pl\/testsklepu\/produkt\/projekt-rabaty-pod-brzoza\/","url":"https:\/\/www.angardenart.pl\/testsklepu\/produkt\/projekt-rabaty-pod-brzoza\/","name":"Projekt rabaty \u201ePod Brzoz\u0105\u2019 - Ogrody Anety","isPartOf":{"@id":"https:\/\/www.angardenart.pl\/testsklepu\/#website"},"primaryImageOfPage":{"@id":"https:\/\/www.angardenart.pl\/testsklepu\/produkt\/projekt-rabaty-pod-brzoza\/#primaryimage"},"image":{"@id":"https:\/\/www.angardenart.pl\/testsklepu\/produkt\/projekt-rabaty-pod-brzoza\/#primaryimage"},"thumbnailUrl":"https:\/\/www.angardenart.pl\/testsklepu\/wp-content\/uploads\/2025\/01\/Rabata-_Pod-Brzoza_-wizualizacja.png","datePublished":"2025-01-21T13:02:35+00:00","dateModified":"2025-01-30T06:43:56+00:00","breadcrumb":{"@id":"https:\/\/www.angardenart.pl\/testsklepu\/produkt\/projekt-rabaty-pod-brzoza\/#breadcrumb"},"inLanguage":"pl-PL","potentialAction":[{"@type":"ReadAction","target":["https:\/\/www.angardenart.pl\/testsklepu\/produkt\/projekt-rabaty-pod-brzoza\/"]}]},{"@type":"ImageObject","inLanguage":"pl-PL","@id":"https:\/\/www.angardenart.pl\/testsklepu\/produkt\/projekt-rabaty-pod-brzoza\/#primaryimage","url":"https:\/\/www.angardenart.pl\/testsklepu\/wp-content\/uploads\/2025\/01\/Rabata-_Pod-Brzoza_-wizualizacja.png","contentUrl":"https:\/\/www.angardenart.pl\/testsklepu\/wp-content\/uploads\/2025\/01\/Rabata-_Pod-Brzoza_-wizualizacja.png","width":1200,"height":797,"caption":"Rabata Pod Brzoz\u0105"},{"@type":"BreadcrumbList","@id":"https:\/\/www.angardenart.pl\/testsklepu\/produkt\/projekt-rabaty-pod-brzoza\/#breadcrumb","itemListElement":[{"@type":"ListItem","position":1,"name":"Strona g\u0142\u00f3wna","item":"https:\/\/www.angardenart.pl\/testsklepu\/"},{"@type":"ListItem","position":2,"name":"Sklep","item":"https:\/\/www.angardenart.pl\/testsklepu\/sklep\/"},{"@type":"ListItem","position":3,"name":"Projekt rabaty \u201ePod Brzoz\u0105\u2019"}]},{"@type":"WebSite","@id":"https:\/\/www.angardenart.pl\/testsklepu\/#website","url":"https:\/\/www.angardenart.pl\/testsklepu\/","name":"Ogrody Anety","description":"aneta@ogrodyanety.pl","publisher":{"@id":"https:\/\/www.angardenart.pl\/testsklepu\/#organization"},"potentialAction":[{"@type":"SearchAction","target":{"@type":"EntryPoint","urlTemplate":"https:\/\/www.angardenart.pl\/testsklepu\/?s={search_term_string}"},"query-input":{"@type":"PropertyValueSpecification","valueRequired":true,"valueName":"search_term_string"}}],"inLanguage":"pl-PL"},{"@type":"Organization","@id":"https:\/\/www.angardenart.pl\/testsklepu\/#organization","name":"Ogrody Anety","url":"https:\/\/www.angardenart.pl\/testsklepu\/","logo":{"@type":"ImageObject","inLanguage":"pl-PL","@id":"https:\/\/www.angardenart.pl\/testsklepu\/#\/schema\/logo\/image\/","url":"https:\/\/www.angardenart.pl\/testsklepu\/wp-content\/uploads\/2024\/09\/to-teraz-3-2.png","contentUrl":"https:\/\/www.angardenart.pl\/testsklepu\/wp-content\/uploads\/2024\/09\/to-teraz-3-2.png","width":340,"height":120,"caption":"Ogrody Anety"},"image":{"@id":"https:\/\/www.angardenart.pl\/testsklepu\/#\/schema\/logo\/image\/"}}]}},"_links":{"self":[{"href":"https:\/\/www.angardenart.pl\/testsklepu\/wp-json\/wp\/v2\/product\/1255","targetHints":{"allow":["GET"]}}],"collection":[{"href":"https:\/\/www.angardenart.pl\/testsklepu\/wp-json\/wp\/v2\/product"}],"about":[{"href":"https:\/\/www.angardenart.pl\/testsklepu\/wp-json\/wp\/v2\/types\/product"}],"wp:featuredmedia":[{"embeddable":true,"href":"https:\/\/www.angardenart.pl\/testsklepu\/wp-json\/wp\/v2\/media\/1256"}],"wp:attachment":[{"href":"https:\/\/www.angardenart.pl\/testsklepu\/wp-json\/wp\/v2\/media?parent=1255"}],"wp:term":[{"taxonomy":"product_brand","embeddable":true,"href":"https:\/\/www.angardenart.pl\/testsklepu\/wp-json\/wp\/v2\/product_brand?post=1255"},{"taxonomy":"product_cat","embeddable":true,"href":"https:\/\/www.angardenart.pl\/testsklepu\/wp-json\/wp\/v2\/product_cat?post=1255"},{"taxonomy":"product_tag","embeddable":true,"href":"https:\/\/www.angardenart.pl\/testsklepu\/wp-json\/wp\/v2\/product_tag?post=1255"}],"curies":[{"name":"wp","href":"https:\/\/api.w.org\/{rel}","templated":true}]}}